{"id":29,"date":"2024-08-06T21:02:15","date_gmt":"2024-08-07T00:02:15","guid":{"rendered":"https:\/\/www.doctajazz.com\/br\/?page_id=29"},"modified":"2024-08-06T21:02:16","modified_gmt":"2024-08-07T00:02:16","slug":"new-orleans","status":"publish","type":"page","link":"https:\/\/www.doctajazz.com\/br\/historia-do-jazz\/new-orleans\/","title":{"rendered":"Estilo New Orleans: quando o jazz tradicional come\u00e7ou a tomar forma"},"content":{"rendered":"\n<p>Por volta de 1910, j\u00e1 havia se consolidado um dos estilos musicais que deu origem ao jazz como o conhecemos hoje. O estilo New Orleans nasceu na cidade que leva seu nome, e as bandas desse estilo s\u00e3o compostas por uma se\u00e7\u00e3o r\u00edtmica e uma se\u00e7\u00e3o mel\u00f3dica, sendo esta \u00faltima composta por um trompete, um trombone e um clarinete. A se\u00e7\u00e3o r\u00edtmica \u00e9 formada por uma tuba ou contrabaixo, uma guitarra ou banjo, bateria e, \u00e0s vezes, piano. As grava\u00e7\u00f5es que conhecemos hoje foram feitas em Chicago pelas bandas que migraram para l\u00e1, por isso h\u00e1 uma diferen\u00e7a em rela\u00e7\u00e3o ao que as pessoas ouviam originalmente \u00e0s margens do rio Mississippi.<\/p>\n\n\n<div class=\"wp-block-image\">\n<figure class=\"aligncenter size-large\"><img decoding=\"async\" width=\"1024\" height=\"669\" src=\"https:\/\/www.doctajazz.com\/br\/wp-content\/uploads\/2024\/08\/red-hot-peppers-jelly-roll-morton-new-orleans-historia-do-jazz-1024x669.jpg\" alt=\"red hot peppers, jelly roll morton, estilos de jazz, Hist\u00f3ria do jazz\" class=\"wp-image-32\" title=\"red hot peppers, jelly roll morton, estilos de jazz, Hist\u00f3ria do jazz\" srcset=\"https:\/\/www.doctajazz.com\/br\/wp-content\/uploads\/2024\/08\/red-hot-peppers-jelly-roll-morton-new-orleans-historia-do-jazz-1024x669.jpg 1024w, https:\/\/www.doctajazz.com\/br\/wp-content\/uploads\/2024\/08\/red-hot-peppers-jelly-roll-morton-new-orleans-historia-do-jazz-300x196.jpg 300w, https:\/\/www.doctajazz.com\/br\/wp-content\/uploads\/2024\/08\/red-hot-peppers-jelly-roll-morton-new-orleans-historia-do-jazz-768x502.jpg 768w, https:\/\/www.doctajazz.com\/br\/wp-content\/uploads\/2024\/08\/red-hot-peppers-jelly-roll-morton-new-orleans-historia-do-jazz-624x408.jpg 624w, https:\/\/www.doctajazz.com\/br\/wp-content\/uploads\/2024\/08\/red-hot-peppers-jelly-roll-morton-new-orleans-historia-do-jazz.jpg 1280w\" sizes=\"(max-width: 1024px) 100vw, 1024px\" \/><\/figure>\n<\/div>\n\n\n<p><strong>Estilo New Orleans<\/strong><\/p>\n\n\n\n<p><strong>O estilo New Orleans \u00e9 considerado um dos pilares fundamentais do jazz tradicional<\/strong>, sendo um dos alicerces da <a href=\"https:\/\/www.doctajazz.com\/br\/historia-do-jazz\/\">origem do jazz<\/a>. As caracter\u00edsticas que diferenciaram o estilo New Orleans do <a href=\"https:\/\/www.doctajazz.com\/br\/historia-do-jazz\/ragtime\/\">ragtime <\/a>foram a maior liberdade na improvisa\u00e7\u00e3o r\u00edtmica. Os m\u00fasicos de ragtime utilizavam um ritmo sincopado e executavam uma nota duas vezes na metade do valor do tempo, enquanto o estilo New Orleans usava uma improvisa\u00e7\u00e3o r\u00edtmica mais complexa, muitas vezes colocando notas fora do tempo t\u00e1tico. Os m\u00fasicos do estilo New Orleans tamb\u00e9m adotaram o vocabul\u00e1rio do blues, incluindo notas dobradas e notas de blues.<\/p>\n\n\n\n<p>O estilo New Orleans tamb\u00e9m se destacou por ser direcionado aos jovens brancos, especialmente aos filhos de imigrantes da classe trabalhadora. Entre as bandas de jazz tradicional que cultivavam o estilo estavam Joe \u201cKing\u201d Oliver e Buddy Bolden e sua Orquestra. Nesse momento, ocorre o verdadeiro surgimento do jazz.<\/p>\n\n\n\n<p>A can\u00e7\u00e3o Didn\u2019t He Ramble \u00e9 interpretada por um dos m\u00fasicos mais famosos e destacados nesse estilo, Louis Armstrong. A <a href=\"https:\/\/www.doctajazz.com\/br\/historia-do-jazz\/\">hist\u00f3ria do jazz<\/a> como a conhecemos atualmente j\u00e1 havia come\u00e7ado a tomar forma.<\/p>\n\n\n\n<h2 class=\"wp-block-heading\"><span class=\"ez-toc-section\" id=\"Discos_de_jazz_New_Orleans\"><\/span>Discos de jazz New Orleans<span class=\"ez-toc-section-end\"><\/span><\/h2><div id=\"ez-toc-container\" class=\"ez-toc-v2_0_81 counter-hierarchy ez-toc-counter ez-toc-grey ez-toc-container-direction\">\n<div class=\"ez-toc-title-container\">\n<p class=\"ez-toc-title\" style=\"cursor:inherit\">Table of Contents<\/p>\n<span class=\"ez-toc-title-toggle\"><a href=\"#\" class=\"ez-toc-pull-right ez-toc-btn ez-toc-btn-xs ez-toc-btn-default ez-toc-toggle\" aria-label=\"Toggle Table of Content\"><span class=\"ez-toc-js-icon-con\"><span class=\"\"><span class=\"eztoc-hide\" style=\"display:none;\">Toggle<\/span><span class=\"ez-toc-icon-toggle-span\"><svg style=\"fill: #999;color:#999\" xmlns=\"http:\/\/www.w3.org\/2000\/svg\" class=\"list-377408\" width=\"20px\" height=\"20px\" viewBox=\"0 0 24 24\" fill=\"none\"><path d=\"M6 6H4v2h2V6zm14 0H8v2h12V6zM4 11h2v2H4v-2zm16 0H8v2h12v-2zM4 16h2v2H4v-2zm16 0H8v2h12v-2z\" fill=\"currentColor\"><\/path><\/svg><svg style=\"fill: #999;color:#999\" class=\"arrow-unsorted-368013\" xmlns=\"http:\/\/www.w3.org\/2000\/svg\" width=\"10px\" height=\"10px\" viewBox=\"0 0 24 24\" version=\"1.2\" baseProfile=\"tiny\"><path d=\"M18.2 9.3l-6.2-6.3-6.2 6.3c-.2.2-.3.4-.3.7s.1.5.3.7c.2.2.4.3.7.3h11c.3 0 .5-.1.7-.3.2-.2.3-.5.3-.7s-.1-.5-.3-.7zM5.8 14.7l6.2 6.3 6.2-6.3c.2-.2.3-.5.3-.7s-.1-.5-.3-.7c-.2-.2-.4-.3-.7-.3h-11c-.3 0-.5.1-.7.3-.2.2-.3.5-.3.7s.1.5.3.7z\"\/><\/svg><\/span><\/span><\/span><\/a><\/span><\/div>\n<nav><ul class='ez-toc-list ez-toc-list-level-1 ' ><li class='ez-toc-page-1 ez-toc-heading-level-2'><a class=\"ez-toc-link ez-toc-heading-1\" href=\"https:\/\/www.doctajazz.com\/br\/historia-do-jazz\/new-orleans\/#Discos_de_jazz_New_Orleans\" >Discos de jazz New Orleans<\/a><\/li><li class='ez-toc-page-1 ez-toc-heading-level-2'><a class=\"ez-toc-link ez-toc-heading-2\" href=\"https:\/\/www.doctajazz.com\/br\/historia-do-jazz\/new-orleans\/#Principais_bandas_de_jazz_do_estilo_New_Orleans\" >Principais bandas de jazz do estilo New Orleans<\/a><\/li><li class='ez-toc-page-1 ez-toc-heading-level-2'><a class=\"ez-toc-link ez-toc-heading-3\" href=\"https:\/\/www.doctajazz.com\/br\/historia-do-jazz\/new-orleans\/#Video_da_Creole_Jazz_Band_de_King_Oliver\" >V\u00eddeo da Creole Jazz Band de King Oliver<\/a><\/li><\/ul><\/nav><\/div>\n\n\n\n\n<ul class=\"wp-block-list\">\n<li>Mobile Stomp (1927)<\/li>\n\n\n\n<li>Short Dress Gal (1927)<\/li>\n\n\n\n<li>Over in The Glory Land (1927)<\/li>\n<\/ul>\n\n\n\n<h2 class=\"wp-block-heading\"><span class=\"ez-toc-section\" id=\"Principais_bandas_de_jazz_do_estilo_New_Orleans\"><\/span>Principais bandas de jazz do estilo New Orleans<span class=\"ez-toc-section-end\"><\/span><\/h2>\n\n\n\n<ul class=\"wp-block-list\">\n<li>Creole Jazz Band (1923) de King Oliver com Louis Armstrong<\/li>\n\n\n\n<li>Hot Five (1925-1926)<\/li>\n\n\n\n<li>Hot Seven (1927) de Louis Armstrong<\/li>\n\n\n\n<li>Red Hot Peppers (1926) de Jelly Roll Morton<\/li>\n<\/ul>\n\n\n\n<h2 class=\"wp-block-heading\"><span class=\"ez-toc-section\" id=\"Video_da_Creole_Jazz_Band_de_King_Oliver\"><\/span>V\u00eddeo da Creole Jazz Band de King Oliver<span class=\"ez-toc-section-end\"><\/span><\/h2>\n\n\n\n<figure class=\"wp-block-embed is-type-video is-provider-youtube wp-block-embed-youtube wp-embed-aspect-4-3 wp-has-aspect-ratio\"><div class=\"wp-block-embed__wrapper\">\n<iframe title=\"Sobbin&#039; Blues -  King Oliver&#039;s Creole Jazz Band\" width=\"625\" height=\"469\" src=\"https:\/\/www.youtube.com\/embed\/ONDr4zau53c?feature=oembed\" frameborder=\"0\" allow=\"accelerometer; autoplay; clipboard-write; encrypted-media; gyroscope; picture-in-picture; web-share\" referrerpolicy=\"strict-origin-when-cross-origin\" allowfullscreen><\/iframe>\n<\/div><\/figure>\n","protected":false},"excerpt":{"rendered":"<p>Por volta de 1910, j\u00e1 havia se consolidado um dos estilos musicais que deu origem ao jazz como o conhecemos hoje. O estilo New Orleans nasceu na cidade que leva&#8230; <a class=\"read-more-link\" href=\"https:\/\/www.doctajazz.com\/br\/historia-do-jazz\/new-orleans\/\">Read more &raquo;<\/a><\/p>\n","protected":false},"author":1,"featured_media":33,"parent":20,"menu_order":0,"comment_status":"closed","ping_status":"closed","template":"","meta":{"footnotes":""},"class_list":["post-29","page","type-page","status-publish","has-post-thumbnail","hentry"],"_links":{"self":[{"href":"https:\/\/www.doctajazz.com\/br\/wp-json\/wp\/v2\/pages\/29","targetHints":{"allow":["GET"]}}],"collection":[{"href":"https:\/\/www.doctajazz.com\/br\/wp-json\/wp\/v2\/pages"}],"about":[{"href":"https:\/\/www.doctajazz.com\/br\/wp-json\/wp\/v2\/types\/page"}],"author":[{"embeddable":true,"href":"https:\/\/www.doctajazz.com\/br\/wp-json\/wp\/v2\/users\/1"}],"replies":[{"embeddable":true,"href":"https:\/\/www.doctajazz.com\/br\/wp-json\/wp\/v2\/comments?post=29"}],"version-history":[{"count":1,"href":"https:\/\/www.doctajazz.com\/br\/wp-json\/wp\/v2\/pages\/29\/revisions"}],"predecessor-version":[{"id":34,"href":"https:\/\/www.doctajazz.com\/br\/wp-json\/wp\/v2\/pages\/29\/revisions\/34"}],"up":[{"embeddable":true,"href":"https:\/\/www.doctajazz.com\/br\/wp-json\/wp\/v2\/pages\/20"}],"wp:featuredmedia":[{"embeddable":true,"href":"https:\/\/www.doctajazz.com\/br\/wp-json\/wp\/v2\/media\/33"}],"wp:attachment":[{"href":"https:\/\/www.doctajazz.com\/br\/wp-json\/wp\/v2\/media?parent=29"}],"curies":[{"name":"wp","href":"https:\/\/api.w.org\/{rel}","templated":true}]}}